{"id":2,"date":"2022-04-01T07:27:47","date_gmt":"2022-04-01T07:27:47","guid":{"rendered":"https:\/\/braunebergerhof.de\/?page_id=2"},"modified":"2023-09-11T13:59:01","modified_gmt":"2023-09-11T13:59:01","slug":"mentions-legales","status":"publish","type":"page","link":"https:\/\/braunebergerhof.de\/fr\/mentions-legales\/","title":{"rendered":"Mentions l\u00e9gales"},"content":{"rendered":"<p>H\u00f4tel et restaurant Braunebergerhof GmbH<br>136, rue du vin de Moselle<br>54472 Brauneberg<\/p>\n\n\n\n<p>Telefon: 06534 1400<\/p>\n\n\n\n<p>E-Mail: <a href=\"mailto:ferien@braunebergerhof.de\">ferien@braunebergerhof.de<\/a><\/p>\n\n\n\n<h4 class=\"wp-block-heading\"><strong>Coordonn\u00e9es bancaires :<\/strong><\/h4>\n\n\n\n<p>Sparkasse Mittelmosel &#8211; Eifel Mosel Hunsr\u00fcck<br>IBAN: DE83 5875 1230 0032 8679 54<br>BIC: MALADE51BKS<\/p>\n\n\n\n<h4 class=\"wp-block-heading\"><strong>Centre des imp\u00f4ts de Wittlich Num\u00e9ro d'identification fiscale :<\/strong><\/h4>\n\n\n\n<p>43\/655\/07467<\/p>\n\n\n\n<h4 class=\"wp-block-heading\"><strong>Repr\u00e9sent\u00e9 par :<\/strong><\/h4>\n\n\n\n<p>Ralph Neefischer<\/p>\n\n\n\n<h4 class=\"wp-block-heading\"><strong>Inscription au registre :<\/strong><\/h4>\n\n\n\n<p>Eingetragen im Handelsregister.<br>Registergericht: Trier<br>Registernummer: HRB123456789<\/p>\n\n\n\n<h4 class=\"wp-block-heading\"><strong>Num\u00e9ro de TVA intracommunautaire :<\/strong><\/h4>\n\n\n\n<p>Umsatzsteuer-Identifikationsnummer nach \u00a727a Umsatzsteuergesetz:<br>DE 253 368 489<\/p>\n\n\n\n<h4 class=\"wp-block-heading\"><strong>Registre du commerce :<\/strong><\/h4>\n\n\n\n<p>HRB 40381<\/p>\n\n\n\n<h4 class=\"wp-block-heading\"><strong>Tribunal d'enregistrement :<\/strong><\/h4>\n\n\n\n<p>Wittlich<\/p>\n\n\n\n<h4 class=\"wp-block-heading\">Remarque conform\u00e9ment \u00e0 l'ordonnance sur le r\u00e8glement en ligne des litiges<\/h4>\n\n\n\n<p>Conform\u00e9ment \u00e0 la l\u00e9gislation en vigueur, nous sommes tenus d'informer les consommateurs de l'existence de la plateforme europ\u00e9enne de r\u00e8glement en ligne des litiges, qui peut \u00eatre utilis\u00e9e pour r\u00e9soudre les litiges sans passer par un tribunal. La Commission europ\u00e9enne est responsable de la mise en place de cette plateforme. La plateforme europ\u00e9enne de r\u00e8glement en ligne des litiges est accessible ici : <a href=\"http:\/\/ec.europa.eu\/odr\" target=\"_blank\" rel=\"nofollow noopener\">http:\/\/ec.europa.eu\/odr<\/a>. Notre adresse \u00e9lectronique est la suivante <a href=\"mailto:ferien@braunebergerhof.de\">ferien@braunebergerhof.de<\/a><\/p>\n\n\n\n<p>Nous attirons toutefois votre attention sur le fait que nous ne sommes pas dispos\u00e9s \u00e0 participer \u00e0 la proc\u00e9dure de r\u00e8glement des litiges dans le cadre de la plateforme europ\u00e9enne de r\u00e8glement des litiges en ligne. Pour nous contacter, veuillez utiliser notre e-mail et notre num\u00e9ro de t\u00e9l\u00e9phone ci-dessus.<\/p>\n\n\n\n<h4 class=\"wp-block-heading\">Information conform\u00e9ment \u00e0 la loi sur le r\u00e8glement des litiges de consommation (VSBG)<\/h4>\n\n\n\n<p>Nous ne sommes ni pr\u00eats ni oblig\u00e9s de participer \u00e0 des proc\u00e9dures de r\u00e8glement des litiges devant un organisme de conciliation des consommateurs.<\/p>\n\n\n\n<h4 class=\"wp-block-heading\">Disclaimer - informations juridiques<\/h4>\n\n\n\n<p>\u00a7 1 Warnhinweis zu Inhalten<br>Die kostenlosen und frei zug\u00e4nglichen Inhalte dieser Webseite wurden mit gr\u00f6\u00dftm\u00f6glicher Sorgfalt erstellt. Der Anbieter dieser Webseite \u00fcbernimmt jedoch keine Gew\u00e4hr f\u00fcr die Richtigkeit und Aktualit\u00e4t der bereitgestellten kostenlosen und frei zug\u00e4nglichen journalistischen Ratgeber und Nachrichten. Namentlich gekennzeichnete Beitr\u00e4ge geben die Meinung des jeweiligen Autors und nicht immer die Meinung des Anbieters wieder. Allein durch den Aufruf der kostenlosen und frei zug\u00e4nglichen Inhalte kommt keinerlei Vertragsverh\u00e4ltnis zwischen dem Nutzer und dem Anbieter zustande, insoweit fehlt es am Rechtsbindungswillen des Anbieters.<\/p>\n\n\n\n<p>\u00a7 2 Externe Links<br>Diese Website enth\u00e4lt Verkn\u00fcpfungen zu Websites Dritter (&#8222;externe Links&#8220;). Diese Websites unterliegen der Haftung der jeweiligen Betreiber. Der Anbieter hat bei der erstmaligen Verkn\u00fcpfung der externen Links die fremden Inhalte daraufhin \u00fcberpr\u00fcft, ob etwaige Rechtsverst\u00f6\u00dfe bestehen. Zu dem Zeitpunkt waren keine Rechtsverst\u00f6\u00dfe ersichtlich. Der Anbieter hat keinerlei Einfluss auf die aktuelle und zuk\u00fcnftige Gestaltung und auf die Inhalte der verkn\u00fcpften Seiten. Das Setzen von externen Links bedeutet nicht, dass sich der Anbieter die hinter dem Verweis oder Link liegenden Inhalte zu Eigen macht. Eine st\u00e4ndige Kontrolle der externen Links ist f\u00fcr den Anbieter ohne konkrete Hinweise auf Rechtsverst\u00f6\u00dfe nicht zumutbar. Bei Kenntnis von Rechtsverst\u00f6\u00dfen werden jedoch derartige externe Links unverz\u00fcglich gel\u00f6scht.<\/p>\n\n\n\n<p>\u00a7 3 Urheber- und Leistungsschutzrechte<br>Die auf dieser Website ver\u00f6ffentlichten Inhalte unterliegen dem deutschen Urheber- und Leistungsschutzrecht. Jede vom deutschen Urheber- und Leistungsschutzrecht nicht zugelassene Verwertung bedarf der vorherigen schriftlichen Zustimmung des Anbieters oder jeweiligen Rechteinhabers. Dies gilt insbesondere f\u00fcr Vervielf\u00e4ltigung, Bearbeitung, \u00dcbersetzung, Einspeicherung, Verarbeitung bzw. Wiedergabe von Inhalten in Datenbanken oder anderen elektronischen Medien und Systemen. Inhalte und Rechte Dritter sind dabei als solche gekennzeichnet. Die unerlaubte Vervielf\u00e4ltigung oder Weitergabe einzelner Inhalte oder kompletter Seiten ist nicht gestattet und strafbar. Lediglich die Herstellung von Kopien und Downloads f\u00fcr den pers\u00f6nlichen, privaten und nicht kommerziellen Gebrauch ist erlaubt.<\/p>\n\n\n\n<p>Die Darstellung dieser Website in fremden Frames ist nur mit schriftlicher Erlaubnis zul\u00e4ssig.<\/p>\n\n\n\n<p>\u00a7 4 Besondere Nutzungsbedingungen<br>Soweit besondere Bedingungen f\u00fcr einzelne Nutzungen dieser Website von den vorgenannten Paragraphen abweichen, wird an entsprechender Stelle ausdr\u00fccklich darauf hingewiesen. In diesem Falle gelten im jeweiligen Einzelfall die besonderen Nutzungsbedingungen.<\/p>\n\n\n\n<p>Quelle: <a href=\"https:\/\/www.juraforum.de\/impressum-generator\/\">Appeler le texte<\/a><\/p>","protected":false},"excerpt":{"rendered":"<p>Hotel und Restaurant Braunebergerhof GmbHMoselweinstrasse 13654472 Brauneberg Telefon: 06534 1400 E-Mail: ferien@braunebergerhof.de Bankverbindung: Sparkasse Mittelmosel &#8211; Eifel Mosel Hunsr\u00fcckIBAN: DE83 5875 1230 0032 8679 54BIC: MALADE51BKS Finanzamt Wittlich Steuernummer: 43\/655\/07467 Vertreten durch: Ralph Neefischer Registereintrag: Eingetragen im Handelsregister.Registergericht: TrierRegisternummer: HRB123456789 Umsatzsteuer-ID: Umsatzsteuer-Identifikationsnummer nach \u00a727a Umsatzsteuergesetz:DE 253 368 489 Handelsregister: HRB 40381 Registergericht: Wittlich Hinweis gem\u00e4\u00df&#8230;<\/p>","protected":false},"author":1,"featured_media":0,"parent":0,"menu_order":0,"comment_status":"closed","ping_status":"closed","template":"","meta":{"_acf_changed":false,"footnotes":""},"class_list":["post-2","page","type-page","status-publish","hentry"],"acf":[],"_links":{"self":[{"href":"https:\/\/braunebergerhof.de\/fr\/wp-json\/wp\/v2\/pages\/2","targetHints":{"allow":["GET"]}}],"collection":[{"href":"https:\/\/braunebergerhof.de\/fr\/wp-json\/wp\/v2\/pages"}],"about":[{"href":"https:\/\/braunebergerhof.de\/fr\/wp-json\/wp\/v2\/types\/page"}],"author":[{"embeddable":true,"href":"https:\/\/braunebergerhof.de\/fr\/wp-json\/wp\/v2\/users\/1"}],"replies":[{"embeddable":true,"href":"https:\/\/braunebergerhof.de\/fr\/wp-json\/wp\/v2\/comments?post=2"}],"version-history":[{"count":8,"href":"https:\/\/braunebergerhof.de\/fr\/wp-json\/wp\/v2\/pages\/2\/revisions"}],"predecessor-version":[{"id":1377,"href":"https:\/\/braunebergerhof.de\/fr\/wp-json\/wp\/v2\/pages\/2\/revisions\/1377"}],"wp:attachment":[{"href":"https:\/\/braunebergerhof.de\/fr\/wp-json\/wp\/v2\/media?parent=2"}],"curies":[{"name":"wp","href":"https:\/\/api.w.org\/{rel}","templated":true}]}}