{"id":1140,"date":"2022-05-06T12:18:27","date_gmt":"2022-05-06T12:18:27","guid":{"rendered":"https:\/\/braunebergerhof.de\/?page_id=1140"},"modified":"2024-08-02T14:15:57","modified_gmt":"2024-08-02T14:15:57","slug":"gegevensbescherming-2","status":"publish","type":"page","link":"https:\/\/braunebergerhof.de\/nl\/gegevensbescherming-2\/","title":{"rendered":"AGB"},"content":{"rendered":"<div data-elementor-type=\"wp-page\" data-elementor-id=\"1140\" class=\"elementor elementor-1140\" data-elementor-post-type=\"page\">\n\t\t\t\t\t\t<section class=\"elementor-section elementor-top-section elementor-element elementor-element-17ad1ecb elementor-section-boxed elementor-section-height-default elementor-section-height-default\" data-id=\"17ad1ecb\" data-element_type=\"section\" data-e-type=\"section\">\n\t\t\t\t\t\t<div class=\"elementor-container elementor-column-gap-default\">\n\t\t\t\t\t<div class=\"elementor-column elementor-col-100 elementor-top-column elementor-element elementor-element-22ada331\" data-id=\"22ada331\" data-element_type=\"column\" data-e-type=\"column\">\n\t\t\t<div class=\"elementor-widget-wrap elementor-element-populated\">\n\t\t\t\t\t\t<div class=\"elementor-element elementor-element-2bcad810 elementor-widget elementor-widget-text-editor\" data-id=\"2bcad810\" data-element_type=\"widget\" data-e-type=\"widget\" data-widget_type=\"text-editor.default\">\n\t\t\t\t<div class=\"elementor-widget-container\">\n\t\t\t\t\t\t\t\t\t<p><\/p>\n<p>Allgemeine Gesch\u00e4ftsbedingungen f\u00fcr die Beherbergung in der Hotel und Restaurant Brauneberger Hof GmbH (im folgenden Ferienresidenz Brauneberger Hof genannt).<\/p>\n<p><\/p>\n<p><\/p>\n<p>Lieber Gast,<\/p>\n<p><\/p>\n<p><\/p>\n<p>wir werden uns alle M\u00fche geben, Ihnen den Aufenthalt so angenehm wie m\u00f6glich zu gestalten. Dazu geh\u00f6rt auch, da\u00df Sie genau wissen, welche Leistungen wir erbringen, wof\u00fcr wir einstehen und welche Verbindlichkeiten Sie uns gegen\u00fcber haben. Beachten Sie daher die folgenden allgemeinen Gesch\u00e4ftsbedingungen, die das Vertragsverh\u00e4ltnis zwischen Ihnen und uns regeln und Sie mit Ihrer Buchung anerkennen.<\/p>\n<p><\/p>\n<p><\/p>\n<h4 class=\"wp-block-heading\">1. Abschluss des Vertrages<\/h4>\n<p><\/p>\n<p><\/p>\n<p>1.1. Der Beherbergungsvertrag kommt durch die Annahme des Antrags des Gastes durch die Ferienresidenz Brauneberger Hof zustande. Eine Buchung kann schriftlich, m\u00fcndlich, fernm\u00fcndlich oder elektronisch vorgenommen werden. Der Ferienresidenz Brauneberger Hof steht es frei, die Zimmerbuchung schriftlich zu best\u00e4tigen.<br>1.2. Der Abschluss des Beherbergungsvertrages verpflichtet die Vertragspartner zur Erf\u00fcllung des Vertrages, gleichg\u00fcltig auf welche Dauer der Vertrag geschlossen wurde. Der abgeschlossene Vertrag kann nur aus wichtigem Grund gek\u00fcndigt werden.<br>1.3. Ist der Besteller nicht identisch mit dem Gast, so haften beide f\u00fcr alle vertraglichen Verpflichtungen als Gesamtschuldner.<\/p>\n<p><\/p>\n<p><\/p>\n<h4 class=\"wp-block-heading\">2. An- und Abreise<\/h4>\n<p><\/p>\n<p><\/p>\n<p>2.1. Reservierte Zimmer stehen dem Vertragspartner am Anreisetag ab 15.00 Uhr zur Verf\u00fcgung. Die Ferienresidenz Brauneberger Hof beh\u00e4lt sich das Recht vor, bestellte Zimmer die nicht eingecheckt worden sind ab 11 Uhr des Folgetages anderweitig zu vergeben.<br>2.2. Am Abreisetag sind die Zimmer bis 10.00 Uhr zu r\u00e4umen. Ab 10:00 Uhr des Abreisetages verliert Ihre Zimmerkarte automatisch Ihre Zutrittsberechtigung. Danach kann die Ferienresidenz Brauneberger Hof aufgrund der versp\u00e4teten R\u00e4umung des Zimmers f\u00fcr dessen vertrags\u00fcberschreitende Nutzung bis 15.00 Uhr 50 % des vollen Logispreises in Rechnung stellen, ab 15.00 Uhr 100 %.<br>2.3. Bei Abreise vor dem vertraglich vereinbarten Abreisetag wird der volle Preis bzw. Pauschalpreis f\u00fcr den gebuchten Aufenthalt berechnet. Ein Anspruch auf Erstattung nicht in Anspruch genommener Leistungen besteht nicht.<br>2.4. Die Reservierungsdaten sind f\u00fcr beide Vertragsparteien verbindlich.<\/p>\n<p><\/p>\n<p><\/p>\n<h4 class=\"wp-block-heading\">3. Leistungen und Preise<\/h4>\n<p><\/p>\n<p><\/p>\n<p>3.1. Die Ferienresidenz Brauneberger Hof ist verpflichtet, die vom Gast gebuchten Zimmer bereitzuhalten und die vereinbarten Leistungen zu erbringen.<br>3.2. Der Gast ist verpflichtet, die f\u00fcr die Zimmer\u00fcberlassung und die von ihm in Anspruch genommenen weiteren Leistungen geltenden bzw. vereinbarten Preise der Ferienresidenz Brauneberger Hof zu zahlen.<br>3.3. Die vereinbarten Preise schlie\u00dfen die jeweilige Mehrwertsteuer ein. Eine Erh\u00f6hung der Mehrwertsteuer nach Vertragsabschluss geht zu Lasten des Leistungsnehmers.<br>3.4. Alle Preise gelten in Euro.<\/p>\n<p><\/p>\n<p><\/p>\n<h4 class=\"wp-block-heading\">4. Zahlungen<\/h4>\n<p><\/p>\n<p><\/p>\n<p>4.2. Die Ferienresidenz Brauneberger Hof ist berechtigt, jederzeit eine angemessene Vorauszahlung nach Abschluss des Beherbergungsvertrages zu verlangen. Die H\u00f6he der Vorauszahlung und die Zahlungstermine k\u00f6nnen im Vertrag (Buchungsbest\u00e4tigung) schriftlich vereinbart werden. Geht diese Vorauszahlung nicht innerhalb von zwei Wochen nach Aufforderung ein, so ist die Ferienresidenz Brauneberger Hof zum Vertragsr\u00fccktritt berechtigt. <br>4.3. Rechnungen an Firmen werden erstellt, wenn eine schriftliche Kosten\u00fcbernahmeerkl\u00e4rung der Ferienresidenz Brauneberger Hof vorliegt.<\/p>\n<p><\/p>\n<p><\/p>\n<h4 class=\"wp-block-heading\">5. Stornierungen<\/h4>\n<p><\/p>\n<p><\/p>\n<p>5.1. Bei Stornierung der gebuchten Zimmer bis 7 Tage vor Anreise entstehen keine Stornokosten. Es kann jedoch eine pauschale Bearbeitungsgeb\u00fchr in H\u00f6he von 50,00 Euro pro Person berechnet werden. Dies wird jedoch in der Buchungsbest\u00e4tigung separat ausgewiesen.<\/p>\n<p><\/p>\n<p><\/p>\n<p>Nach dieser Frist (7 Tage) werden Stornogeb\u00fchren wie folgt berechnet:<\/p>\n<p><\/p>\n<p><\/p>\n<p>&#8211; 100% des vereinbarten Preises<\/p>\n<p><\/p>\n<p><\/p>\n<p>5.2. Die Ferienresidenz Brauneberger Hof empfiehlt den Abschluss einer Hotel-Stornoversicherung.<br>5.3. Bei Stornierung von Gruppenbuchungen gelten separate Stornobedingungen (siehe Punkt 8).<\/p>\n<p><\/p>\n<p><\/p>\n<h4 class=\"wp-block-heading\">6. Haftung<\/h4>\n<p><\/p>\n<p><\/p>\n<p>6.1. Der Gast oder der Veranstalter haften gegen\u00fcber der Ferienresidenz Brauneberger Hof f\u00fcr die von ihm oder ihren G\u00e4sten verursachten Sch\u00e4den.<br>6.2. Die Ferienresidenz Brauneberger Hof haftet gegen\u00fcber dem Gast bzw. dem Vertragspartner nicht, wenn die Leistungserbringung im Falle infolge h\u00f6herer Gewalt unm\u00f6glich wird. Die Ferienresidenz Brauneberger Hof bem\u00fcht sich in diesen F\u00e4llen um eine anderweitige Beschaffung gleichwertiger Leistungen. Die Ferienresidenz Brauneberger Hof haftet nicht f\u00fcr die Leistungen der von ihm vermittelten Hotels.<br>6.3. Die Ferienresidenz Brauneberger Hof haftet gegen\u00fcber dem Gast nach den gesetzlichen Bestimmungen.<br>6.4. Eine vom Beherbergungsvertrags abweichende Nutzung der \u00fcberlassenen R\u00e4ume berechtigt die Ferienresidenz Brauneberger Hof zur fristlosen K\u00fcndigung des Vertrages. Hierdurch wird der Anspruch auf das vereinbarte Entgelt nicht gemindert. <br>6.5. F\u00fcr Wertgegenst\u00e4nde, die der Gast im zimmereigenen Safe abgelegt hat, wird keine Haftung \u00fcbernommen.<br>6.6. Soweit dem Gast ein Stellplatz zur Verf\u00fcgung gestellt wird, kommt dadurch kein Verwahrungsauftrag zustande. Bei Abhandenkommen oder Besch\u00e4digung auf abgestellter Kraftfahrzeuge und deren Inhalt haftet die Ferienresidenz Brauneberger Hof nicht, soweit die Ferienresidenz Brauneberger Hof nicht Vorsatz oder grobe Fahrl\u00e4ssigkeit zu vertreten hat.<\/p>\n<p><\/p>\n<p><\/p>\n<p>6.7. Im gesamten Hotel besteht Rauchverbot. Rauchen G\u00e4ste dennoch im Zimmer hat der Kunde ein Schadenersatz in H\u00f6he von <strong>200 \u20ac<\/strong> pro Zimmer zu zahlen. Kann das Zimmer wegen starken Rauchgeruchs in den folgenden Tagen nicht vermietet werden, so beh\u00e4lt sich das Hotel vor, den zuwiderhandelnden Kunden in voller H\u00f6he mit dem Umsatzausfall zu belasten, auch nach dessen Abreise. Die tagesaktuellen Zimmerpreise sind online auf der Homepage www.braunebergerhof.de ersichtlich.<\/p>\n<p><\/p>\n<p><\/p>\n<p>6.8. Akkus von Fahrr\u00e4dern d\u00fcrfen aus Brandschutzgr\u00fcnden ausschlie\u00dflich in den daf\u00fcr vorgesehenen Auflade-Stationen in der abschlie\u00dfbaren Fahrradgarage aufgeladen werden.<\/p>\n<p><\/p>\n<p><\/p>\n<h4 class=\"wp-block-heading\">7. Zus\u00e4tzliche Gesch\u00e4ftsbedingungen f\u00fcr Gruppen<\/h4>\n<p><\/p>\n<p><\/p>\n<p>7.1. Gruppen im Sinne dieser AGB sind Reisegruppen mit einer Mindestzahl von gebuchten 20 Personen, es erfolgt eine gemeinsame An- und Abreise. Es wird nur eine Gesamtrechnung erstellt. F\u00fcr eine Gruppe mit weniger als 20 Personen gelten die Preise f\u00fcr Einzelreisende. Ein Anspruch auf Gew\u00e4hrung von Gruppenpreisen besteht nicht; aufgrund individueller Vereinbarungen k\u00f6nnen je nach Verf\u00fcgbarkeit und Nachfrage Gruppenpreise gew\u00e4hrt werden. <br>7.2. Werden Zimmer auf Optionsbasis reserviert, sind die Optionsdaten f\u00fcr beide Parteien bindend. Nach Ablauf der vereinbarten Optionsfrist kann die Ferienresidenz Brauneberger Hof ohne R\u00fccksprache \u00fcber die optionsgebuchten Zimmer frei verf\u00fcgen.<br>7.3. Gruppen-Reservierungen m\u00fcssen schriftlich erfolgen. Eine endg\u00fcltige Namensliste der Mitglieder der jeweiligen Gruppe muss der Ferienresidenz Brauneberger Hof bis 7 Tage vor Ankunft vorliegen.<br>7.4. Die Ferienresidenz Brauneberger Hof ist berechtigt, jederzeit eine angemessene Vorauszahlung nach Abschluss des Beherbergungsvertrages zu verlangen. Die H\u00f6he der Vorauszahlung und die Zahlungstermine k\u00f6nnen im Vertrag schriftlich vereinbart werden.<br>7.5. Die Gesamtrechnung (abz\u00fcglich der geleisteten Anzahlung) ist sp\u00e4testens bei Anreise zahlbar (Visa, V Pay, Mastercard, Maestro, JCB, Union Pay, Discover Diners Club), soweit nicht anders vereinbart.<br>7.6. Alle neben den \u00fcblichen Vertragsleistungen bestehenden Kosten wie Telefon, Getr\u00e4nke, etc. sind bei Abreise von jedem Teilnehmer selbst zu bezahlen. Im Falle der Nichtzahlung durch die einzelnen Teilnehmer haftet der Veranstalter.<br>7.7. Bei Stornierung der gesamten Gruppen-Reservierung bis 28 Tage vor Anreise entstehen keine Stornokosten. Danach werden Stornogeb\u00fchren wie folgt berechnet:<\/p>\n<p><\/p>\n<p><\/p>\n<p>&#8211; 100% des vereinbarten Preises<\/p>\n<p><\/p>\n<p><\/p>\n<p>Dies ist n\u00f6tig, da eine Stornierung des Gastes einen finanziellen Verlust f\u00fcr die Ferienresidenz Brauneberger Hof darstellt.<\/p><p>7.8. In dieser Unterkunft sind weder Junggesellen-\/Junggesellinnenabschiede noch \u00e4hnliche Feiern erlaubt.<\/p><p>Ruhezeit zwischen 22:00:00 Uhr und 07:00:00 Uhr.<\/p>\n<p><\/p>\n<p><\/p>\n<h4 class=\"wp-block-heading\">8. Sonstiges<\/h4>\n<p><\/p>\n<p><\/p>\n<p>8.1. \u00c4nderungen oder Erg\u00e4nzungen des Vertrages, der Antragsannahme oder dieser Gesch\u00e4ftbedingungen sollen schriftlich erfolgen. Einseitige \u00c4nderungen oder Erg\u00e4nzungen durch den Gast sind unwirksam.<br>8.2. Erf\u00fcllungs- und Zahlungsort ist der Sitz des der Ferienresidenz Brauneberger Hof. <br>8.3. Ausschlie\u00dflicher Gerichtsstand ist der Sitz des der Ferienresidenz Brauneberger Hof.<br>8.4. Es gilt deutsches Recht.<br>8.5. Sollten einzelne Bestimmungen dieser Allgemeinen Gesch\u00e4ftbedingungen unwirksam oder nichtig sein oder werden, so wird dadurch die Wirksamkeit der \u00fcbrigen Bestimmungen nicht ber\u00fchrt. Im \u00fcbrigen gelten die gesetzlichen Vorschriften.<\/p>\n<p><\/p>\n<p><\/p>\n<p>Brauneberg, im Mai 2022<\/p>\n<p><\/p>\t\t\t\t\t\t\t\t<\/div>\n\t\t\t\t<\/div>\n\t\t\t\t\t<\/div>\n\t\t<\/div>\n\t\t\t\t\t<\/div>\n\t\t<\/section>\n\t\t\t\t<\/div>","protected":false},"excerpt":{"rendered":"<p>Allgemeine Gesch\u00e4ftsbedingungen f\u00fcr die Beherbergung in der Hotel und Restaurant Brauneberger Hof GmbH (im folgenden Ferienresidenz Brauneberger Hof genannt). Lieber Gast, wir werden uns alle M\u00fche geben, Ihnen den Aufenthalt so angenehm wie m\u00f6glich zu gestalten. Dazu geh\u00f6rt auch, da\u00df Sie genau wissen, welche Leistungen wir erbringen, wof\u00fcr wir einstehen und welche Verbindlichkeiten Sie uns&#8230;<\/p>","protected":false},"author":1,"featured_media":0,"parent":0,"menu_order":0,"comment_status":"closed","ping_status":"closed","template":"","meta":{"_acf_changed":false,"footnotes":""},"class_list":["post-1140","page","type-page","status-publish","hentry"],"acf":[],"_links":{"self":[{"href":"https:\/\/braunebergerhof.de\/nl\/wp-json\/wp\/v2\/pages\/1140","targetHints":{"allow":["GET"]}}],"collection":[{"href":"https:\/\/braunebergerhof.de\/nl\/wp-json\/wp\/v2\/pages"}],"about":[{"href":"https:\/\/braunebergerhof.de\/nl\/wp-json\/wp\/v2\/types\/page"}],"author":[{"embeddable":true,"href":"https:\/\/braunebergerhof.de\/nl\/wp-json\/wp\/v2\/users\/1"}],"replies":[{"embeddable":true,"href":"https:\/\/braunebergerhof.de\/nl\/wp-json\/wp\/v2\/comments?post=1140"}],"version-history":[{"count":19,"href":"https:\/\/braunebergerhof.de\/nl\/wp-json\/wp\/v2\/pages\/1140\/revisions"}],"predecessor-version":[{"id":1406,"href":"https:\/\/braunebergerhof.de\/nl\/wp-json\/wp\/v2\/pages\/1140\/revisions\/1406"}],"wp:attachment":[{"href":"https:\/\/braunebergerhof.de\/nl\/wp-json\/wp\/v2\/media?parent=1140"}],"curies":[{"name":"wp","href":"https:\/\/api.w.org\/{rel}","templated":true}]}}